{"id":9237,"date":"2025-04-02T23:07:54","date_gmt":"2025-04-02T23:07:54","guid":{"rendered":"https:\/\/psicolectiva.org\/?page_id=9237"},"modified":"2025-04-15T21:50:29","modified_gmt":"2025-04-15T21:50:29","slug":"trabajamos-en-red","status":"publish","type":"page","link":"https:\/\/psicolectiva.org\/?page_id=9237","title":{"rendered":"Trabajamos en red"},"content":{"rendered":"<div class=\"wpb-content-wrapper\"><p>[vc_row][vc_column]<div class=\"eltdf-elements-holder   eltdf-two-columns  eltdf-responsive-mode-768  eltdf-eh-uncovering-effect eltdf-eh-uncovering-image-right\" ><div class=\"eltdf-eh-item   eltdf-horizontal-alignment-center  \" style=\"background-image: url(https:\/\/psicolectiva.org\/wp-content\/uploads\/2025\/04\/psico6.jpg)\" data-item-class=\"eltdf-eh-custom-1252\" data-681-768=\"20% 0\" data-680=\"25% 0\">\n\t<div class=\"eltdf-eh-item-inner\">\n\t\t<div class=\"eltdf-eh-item-content eltdf-eh-custom-1252\" >\n\t\t\t\t\t<\/div>\n\t<\/div>\n<\/div><div class=\"eltdf-eh-item   eltdf-horizontal-alignment-center  \" style=\"background-image: url(https:\/\/psicolectiva.org\/wp-content\/uploads\/2025\/04\/psico18.jpg)\" data-item-class=\"eltdf-eh-custom-9933\" data-1367-1600=\"115px 17% 143px 20%\" data-1025-1366=\"105px 16% 133px 18%\" data-769-1024=\"95px 6% 123px 11%\" data-681-768=\"135px 28% 163px 85px\" data-680=\"75px 5% 103px 30px\">\n\t<div class=\"eltdf-eh-item-inner\">\n\t\t<div class=\"eltdf-eh-item-content eltdf-eh-custom-9933\" style=\"padding: 135px 24% 135px 24%\">\n\t\t\t[vc_empty_space height=&#8221;56px&#8221;]\t\t<\/div>\n\t<\/div>\n<\/div><\/div>[\/vc_column][\/vc_row][vc_row][vc_column]<div class=\"eltdf-elements-holder   eltdf-three-columns  eltdf-responsive-mode-768   \" ><div class=\"eltdf-eh-item  eltdf-vertical-alignment-top   \" style=\"background-color: #FFE800\" data-item-class=\"eltdf-eh-custom-2751\" data-1367-1600=\"20% 12% 20% 45px\" data-1025-1366=\"75px 9% 75px 40px\" data-769-1024=\"18% 21px 18% 35px\" data-681-768=\"12% 29% 10% 30%\" data-680=\"18% 9% 15% 50px\">\n\t<div class=\"eltdf-eh-item-inner\">\n\t\t<div class=\"eltdf-eh-item-content eltdf-eh-custom-2751\" style=\"padding: 32% 23% 30% 70px\">\n\t\t\t<div class=\"eltdf-iwt clearfix  eltdf-iwt-icon-top eltdf-iwt-icon-tiny eltdf-iwt-position-text-left\">\n\t<div class=\"eltdf-iwt-icon\">\n\t\t\t\t\t\t\t\t\t    <span class=\"eltdf-icon-animation-holder\" >\n    <span class=\"eltdf-icon-shortcode eltdf-circle  eltdf-icon-animation eltdf-icon-tiny\" style=\"width: 60px;height: 60px;line-height: 60px\" data-color=\"#FFE800\">\n                    <i class=\"eltdf-icon-dripicons dripicon dripicons-document eltdf-icon-element\" style=\"color: #FFE800;font-size:30px\" ><\/i>            <\/span>\n    <\/span>\n\t\t\t\t\t\t<\/div>\n\t<div class=\"eltdf-iwt-content\" >\n\t\t\t\t\t<h3 class=\"eltdf-iwt-title\" style=\"color: #EF1683\">\n\t\t\t\t\t\t\t\t<span class=\"eltdf-iwt-title-text\">Nuestros proyectos<\/span>\n\t\t\t\t\t\t\t<\/h3>\n\t\t\t\t\t\t\t<p class=\"eltdf-iwt-text\" style=\"color: #000000\">se basan en la evidencia no solo acad\u00e9mica y cient\u00edfica, sino tambi\u00e9n en aquella evidencia que rescata experiencias y saberes de las personas involucradas.<\/p>\n\t\t\t<\/div>\n<\/div>[vc_empty_space height=&#8221;3px&#8221;]\t\t<\/div>\n\t<\/div>\n<\/div><div class=\"eltdf-eh-item  eltdf-vertical-alignment-top   \" style=\"background-color: #FFFFFF\" data-item-class=\"eltdf-eh-custom-5328\" data-1367-1600=\"20% 12% 20% 45px\" data-1025-1366=\"75px 9% 75px 40px\" data-769-1024=\"18% 21px 18% 35px\" data-681-768=\"12% 29% 10% 30%\" data-680=\"18% 9% 15% 50px\">\n\t<div class=\"eltdf-eh-item-inner\">\n\t\t<div class=\"eltdf-eh-item-content eltdf-eh-custom-5328\" style=\"padding: 32% 23% 30% 70px\">\n\t\t\t<div class=\"eltdf-iwt clearfix  eltdf-iwt-icon-top eltdf-iwt-icon-tiny eltdf-iwt-position-text-left\">\n\t<div class=\"eltdf-iwt-icon\">\n\t\t\t\t\t\t\t\t\t    <span class=\"eltdf-icon-animation-holder\" >\n    <span class=\"eltdf-icon-shortcode eltdf-circle  eltdf-icon-animation eltdf-icon-tiny\" style=\"width: 60px;height: 60px;line-height: 60px\" data-color=\"#FFFFFF\">\n                    <i class=\"eltdf-icon-dripicons dripicon dripicons-lightbulb eltdf-icon-element\" style=\"color: #FFFFFF;font-size:30px\" ><\/i>            <\/span>\n    <\/span>\n\t\t\t\t\t\t<\/div>\n\t<div class=\"eltdf-iwt-content\" >\n\t\t\t\t\t<h3 class=\"eltdf-iwt-title\" style=\"color: #EF1683\">\n\t\t\t\t\t\t\t\t<span class=\"eltdf-iwt-title-text\">Tenemos trayectoria y experiencia<\/span>\n\t\t\t\t\t\t\t<\/h3>\n\t\t\t\t\t\t\t<p class=\"eltdf-iwt-text\" style=\"color: #000000\">en investigaci\u00f3n social: trabajamos de cerca con y para la gente y hacemos investigaci\u00f3n-acci\u00f3n participativa.<\/p>\n\t\t\t<\/div>\n<\/div>[vc_empty_space height=&#8221;3px&#8221;]\t\t<\/div>\n\t<\/div>\n<\/div><div class=\"eltdf-eh-item  eltdf-vertical-alignment-top   \" style=\"background-color: #EF1683\" data-item-class=\"eltdf-eh-custom-4438\" data-1367-1600=\"20% 12% 20% 45px\" data-1025-1366=\"75px 9% 75px 40px\" data-769-1024=\"18% 21px 18% 35px\" data-681-768=\"12% 29% 10% 30%\" data-680=\"18% 9% 15% 50px\">\n\t<div class=\"eltdf-eh-item-inner\">\n\t\t<div class=\"eltdf-eh-item-content eltdf-eh-custom-4438\" style=\"padding: 32% 23% 30% 70px\">\n\t\t\t<div class=\"eltdf-iwt clearfix  eltdf-iwt-icon-top eltdf-iwt-icon-tiny eltdf-iwt-position-text-left\">\n\t<div class=\"eltdf-iwt-icon\">\n\t\t\t\t\t\t\t\t\t    <span class=\"eltdf-icon-animation-holder\" >\n    <span class=\"eltdf-icon-shortcode eltdf-circle  eltdf-icon-animation eltdf-icon-tiny\" style=\"width: 60px;height: 60px;line-height: 60px;background-color: #FFE800\" data-color=\"#EF1683\">\n                    <i class=\"eltdf-icon-dripicons dripicon dripicons-help eltdf-icon-element\" style=\"color: #EF1683;font-size:30px\" ><\/i>            <\/span>\n    <\/span>\n\t\t\t\t\t\t<\/div>\n\t<div class=\"eltdf-iwt-content\" >\n\t\t\t\t\t<h3 class=\"eltdf-iwt-title\" style=\"color: #FFE800\">\n\t\t\t\t\t\t\t\t<span class=\"eltdf-iwt-title-text\">Somos psic\u00f3logas<\/span>\n\t\t\t\t\t\t\t<\/h3>\n\t\t\t\t\t\t\t<p class=\"eltdf-iwt-text\" style=\"color: #FFFFFF\">con un enfoque comunitario y nos aliamos con profesionales de otras ciencias sociales \u2014antropolog\u00eda, sociolog\u00eda, pedagog\u00eda y comunicaci\u00f3n\u2014 para ampliar la mirada y la construcci\u00f3n colectiva de herramientas y propuestas para trabajar con distintos grupos sociales.<\/p>\n\t\t\t<\/div>\n<\/div>[vc_empty_space height=&#8221;3px&#8221;]\t\t<\/div>\n\t<\/div>\n<\/div><\/div>[\/vc_column][\/vc_row]<\/p>\n<\/div>","protected":false},"excerpt":{"rendered":"<p>[vc_row][vc_column][\/vc_column][\/vc_row][vc_row][vc_column][\/vc_column][\/vc_row]<\/p>\n","protected":false},"author":1,"featured_media":0,"parent":0,"menu_order":0,"comment_status":"closed","ping_status":"closed","template":"full-width.php","meta":{"_bbp_topic_count":0,"_bbp_reply_count":0,"_bbp_total_topic_count":0,"_bbp_total_reply_count":0,"_bbp_voice_count":0,"_bbp_anonymous_reply_count":0,"_bbp_topic_count_hidden":0,"_bbp_reply_count_hidden":0,"_bbp_forum_subforum_count":0,"footnotes":""},"class_list":["post-9237","page","type-page","status-publish","hentry"],"_links":{"self":[{"href":"https:\/\/psicolectiva.org\/index.php?rest_route=\/wp\/v2\/pages\/9237","targetHints":{"allow":["GET"]}}],"collection":[{"href":"https:\/\/psicolectiva.org\/index.php?rest_route=\/wp\/v2\/pages"}],"about":[{"href":"https:\/\/psicolectiva.org\/index.php?rest_route=\/wp\/v2\/types\/page"}],"author":[{"embeddable":true,"href":"https:\/\/psicolectiva.org\/index.php?rest_route=\/wp\/v2\/users\/1"}],"replies":[{"embeddable":true,"href":"https:\/\/psicolectiva.org\/index.php?rest_route=%2Fwp%2Fv2%2Fcomments&post=9237"}],"version-history":[{"count":26,"href":"https:\/\/psicolectiva.org\/index.php?rest_route=\/wp\/v2\/pages\/9237\/revisions"}],"predecessor-version":[{"id":9705,"href":"https:\/\/psicolectiva.org\/index.php?rest_route=\/wp\/v2\/pages\/9237\/revisions\/9705"}],"wp:attachment":[{"href":"https:\/\/psicolectiva.org\/index.php?rest_route=%2Fwp%2Fv2%2Fmedia&parent=9237"}],"curies":[{"name":"wp","href":"https:\/\/api.w.org\/{rel}","templated":true}]}}